{"id":10945,"date":"2024-10-14T08:43:12","date_gmt":"2024-10-14T08:43:12","guid":{"rendered":"https:\/\/www.ivh44.si\/Ponudbe\/drva\/piskotki-copy\/"},"modified":"2024-10-14T08:53:10","modified_gmt":"2024-10-14T08:53:10","slug":"politika-zasebnosti","status":"publish","type":"page","link":"https:\/\/www.biomasa-markun.si\/en\/politika-zasebnosti\/","title":{"rendered":"Politika zasebnosti"},"content":{"rendered":"<div data-elementor-type=\"wp-page\" data-elementor-id=\"10945\" class=\"elementor elementor-10945\">\n\t\t\t\t\t\t\t\t\t<section class=\"elementor-section elementor-top-section elementor-element elementor-element-6326ddb elementor-section-height-min-height ct-section-stretched elementor-section-boxed elementor-section-height-default elementor-section-items-middle\" data-id=\"6326ddb\" data-element_type=\"section\" data-settings=\"{&quot;jet_parallax_layout_list&quot;:[]}\">\n\t\t\t\t\t\t<div class=\"elementor-container elementor-column-gap-no\">\n\t\t\t\t\t<div class=\"elementor-column elementor-col-100 elementor-top-column elementor-element elementor-element-bf20956\" data-id=\"bf20956\" data-element_type=\"column\">\n\t\t\t<div class=\"elementor-widget-wrap\">\n\t\t\t\t\t\t\t\t\t<\/div>\n\t\t<\/div>\n\t\t\t\t\t\t\t<\/div>\n\t\t<\/section>\n\t\t\t\t<section class=\"elementor-section elementor-top-section elementor-element elementor-element-444092be elementor-section-height-min-height ct-section-stretched elementor-section-boxed elementor-section-height-default elementor-section-items-middle\" data-id=\"444092be\" data-element_type=\"section\" data-settings=\"{&quot;jet_parallax_layout_list&quot;:[],&quot;background_background&quot;:&quot;gradient&quot;}\">\n\t\t\t\t\t\t<div class=\"elementor-container elementor-column-gap-no\">\n\t\t\t\t\t<div class=\"elementor-column elementor-col-100 elementor-top-column elementor-element elementor-element-33a8360d\" data-id=\"33a8360d\" data-element_type=\"column\">\n\t\t\t<div class=\"elementor-widget-wrap elementor-element-populated\">\n\t\t\t\t\t\t\t\t<div class=\"elementor-element elementor-element-19565de8 elementor-widget elementor-widget-heading\" data-id=\"19565de8\" data-element_type=\"widget\" data-widget_type=\"heading.default\">\n\t\t\t\t<div class=\"elementor-widget-container\">\n\t\t\t<style>\/*! elementor - v3.12.1 - 02-04-2023 *\/\n.elementor-heading-title{padding:0;margin:0;line-height:1}.elementor-widget-heading .elementor-heading-title[class*=elementor-size-]>a{color:inherit;font-size:inherit;line-height:inherit}.elementor-widget-heading .elementor-heading-title.elementor-size-small{font-size:15px}.elementor-widget-heading .elementor-heading-title.elementor-size-medium{font-size:19px}.elementor-widget-heading .elementor-heading-title.elementor-size-large{font-size:29px}.elementor-widget-heading .elementor-heading-title.elementor-size-xl{font-size:39px}.elementor-widget-heading .elementor-heading-title.elementor-size-xxl{font-size:59px}<\/style><h2 class=\"elementor-heading-title elementor-size-default\">politika pi\u0161kotkov<\/h2>\t\t<\/div>\n\t\t\t\t<\/div>\n\t\t\t\t\t<\/div>\n\t\t<\/div>\n\t\t\t\t\t\t\t<\/div>\n\t\t<\/section>\n\t\t\t\t<section class=\"elementor-section elementor-top-section elementor-element elementor-element-ab003c5 ct-section-stretched elementor-section-boxed elementor-section-height-default elementor-section-height-default\" data-id=\"ab003c5\" data-element_type=\"section\" data-settings=\"{&quot;jet_parallax_layout_list&quot;:[]}\">\n\t\t\t\t\t\t<div class=\"elementor-container elementor-column-gap-default\">\n\t\t\t\t\t<div class=\"elementor-column elementor-col-100 elementor-top-column elementor-element elementor-element-0777bb2\" data-id=\"0777bb2\" data-element_type=\"column\">\n\t\t\t<div class=\"elementor-widget-wrap elementor-element-populated\">\n\t\t\t\t\t\t\t\t<div class=\"elementor-element elementor-element-4ad3cfa8 elementor-widget elementor-widget-text-editor\" data-id=\"4ad3cfa8\" data-element_type=\"widget\" data-widget_type=\"text-editor.default\">\n\t\t\t\t<div class=\"elementor-widget-container\">\n\t\t\t<style>\/*! elementor - v3.12.1 - 02-04-2023 *\/\n.elementor-widget-text-editor.elementor-drop-cap-view-stacked .elementor-drop-cap{background-color:#69727d;color:#fff}.elementor-widget-text-editor.elementor-drop-cap-view-framed .elementor-drop-cap{color:#69727d;border:3px solid;background-color:transparent}.elementor-widget-text-editor:not(.elementor-drop-cap-view-default) .elementor-drop-cap{margin-top:8px}.elementor-widget-text-editor:not(.elementor-drop-cap-view-default) .elementor-drop-cap-letter{width:1em;height:1em}.elementor-widget-text-editor .elementor-drop-cap{float:left;text-align:center;line-height:1;font-size:50px}.elementor-widget-text-editor .elementor-drop-cap-letter{display:inline-block}<\/style>\t\t\t\t<p>Namen politike varstva osebnih podatkov je seznaniti posameznike, uporabnike storitev ter druge osebe (v nadaljevanju: \u00bbposameznik\u00ab), ki sodelujejo z <b>Marjan Markun n.d.d.k.<\/b>(v nadaljevanju: \u00bbpodjetje\u00ab) o namenih, pravnih podlagah, varnostnih ukrepih in pravicah posameznikov glede obdelave osebnih podatkov, ki jih izvaja podjetje.<\/p><p>Osebne podatke obdelujemo v skladu z veljavno evropsko in slovensko zakonodajo s podro\u010dja varstva osebnih podatkov.<\/p><p>Politika varstva osebnih podatkov vsebuje informacije, na kak\u0161en na\u010din podjetje kot upravljavec obdeluje osebne podatke, ki jih prejme od posameznika na razli\u010dnih pravnih osnovah, ki bodo predstavljene v nadaljevanju.<\/p>\t\t\t\t\t\t<\/div>\n\t\t\t\t<\/div>\n\t\t\t\t<div class=\"elementor-element elementor-element-5d527d4 elementor-widget elementor-widget-text-editor\" data-id=\"5d527d4\" data-element_type=\"widget\" data-widget_type=\"text-editor.default\">\n\t\t\t\t<div class=\"elementor-widget-container\">\n\t\t\t\t\t\t\t<p><strong>1) Upravljavec<\/strong><\/p><p>Upravljavec osebnih podatkov je podjetje:<\/p><p>Marjan Markun n.d.d.k.<br \/>Ba\u0161elj 64<br \/>4205 Preddvor<\/p><p><a href=\"mailto:%20info@biomasa-markun.si\"><span class=\"elementor-icon-list-text\">info@biomasa-markun.si<\/span><\/a><br \/><a href=\"tel:040%20825%20242\"><span class=\"elementor-icon-list-text\">040 825 242<\/span><\/a><\/p>\t\t\t\t\t\t<\/div>\n\t\t\t\t<\/div>\n\t\t\t\t<div class=\"elementor-element elementor-element-ce57823 elementor-widget elementor-widget-text-editor\" data-id=\"ce57823\" data-element_type=\"widget\" data-widget_type=\"text-editor.default\">\n\t\t\t\t<div class=\"elementor-widget-container\">\n\t\t\t\t\t\t\t<p><strong>2) Osebni podatki, ki jih podjetje zbira<\/strong><\/p><p>Zbiramo lahko naslednje vrste osebnih podatkov:<\/p><ul><li>Ime, priimek, naslov,\u00a0 telefon in elektronski naslov.<\/li><\/ul>\t\t\t\t\t\t<\/div>\n\t\t\t\t<\/div>\n\t\t\t\t<div class=\"elementor-element elementor-element-9a4a8b0 elementor-widget elementor-widget-text-editor\" data-id=\"9a4a8b0\" data-element_type=\"widget\" data-widget_type=\"text-editor.default\">\n\t\t\t\t<div class=\"elementor-widget-container\">\n\t\t\t\t\t\t\t<p><strong>3) <\/strong><strong>Na\u010dini in viri za pridobivanje osebnih podatkov<\/strong><\/p><p>Va\u0161e podatke pridobimo od vas osebno:<\/p><ul><li>Ob izpolnitvi obrazca za pridobitev informativne ponudbe na spletnem mestu podjetja;<\/li><li>Ob posredovanju povpra\u0161evanja neposredno na mail podjetja ali ostale slu\u017ebene maile;<\/li><li>Ob posredovanju povpra\u0161evanja ali pro\u0161nje za pridobitev informativne ponudbe z uporabo katerekoli druge informacijsko-komunikacijske tehnologije (IKT)<\/li><\/ul>\t\t\t\t\t\t<\/div>\n\t\t\t\t<\/div>\n\t\t\t\t<div class=\"elementor-element elementor-element-bc088fc elementor-widget elementor-widget-text-editor\" data-id=\"bc088fc\" data-element_type=\"widget\" data-widget_type=\"text-editor.default\">\n\t\t\t\t<div class=\"elementor-widget-container\">\n\t\t\t\t\t\t\t<p><strong>4) Nameni obdelave osebnih podatkov<\/strong><\/p><p>Primarni namen obdelave osebnih podatkov je priprava ponudbe glede na vsebino povpra\u0161evanja.<\/p>\t\t\t\t\t\t<\/div>\n\t\t\t\t<\/div>\n\t\t\t\t<div class=\"elementor-element elementor-element-3980b82 elementor-widget elementor-widget-text-editor\" data-id=\"3980b82\" data-element_type=\"widget\" data-widget_type=\"text-editor.default\">\n\t\t\t\t<div class=\"elementor-widget-container\">\n\t\t\t\t\t\t\t<p><strong>5) Pravna osnova za zbiranje in obdelavo osebnih podatkov<\/strong><\/p><p>Osebne podatke uporabljamo na eni izmed na\u0161tetih podlag:<\/p><ul><li>Obdelava osebnih podatkov na podlagi izrecnega soglasja in se uporablja kot osnova pri obdelavah, ki so obvezne ali potrebne.<\/li><li>Obdelava osebnih podatkov za izvajanje priprave ponudbe na povpra\u0161evanje.<\/li><li>Obdelava je potrebna za izpolnitev zakonske obveznosti, ki velja za (potencialne) naro\u010dnike.<\/li><li>Obdelava podatkov temelji na zakonitih poslovnih interesih, ki vklju\u010dujejo postopke poslovanja ter splo\u0161ne kadrovske in delovne postopke.<\/li><\/ul>\t\t\t\t\t\t<\/div>\n\t\t\t\t<\/div>\n\t\t\t\t<div class=\"elementor-element elementor-element-5a21aea elementor-widget elementor-widget-text-editor\" data-id=\"5a21aea\" data-element_type=\"widget\" data-widget_type=\"text-editor.default\">\n\t\t\t\t<div class=\"elementor-widget-container\">\n\t\t\t\t\t\t\t<p><strong>6) Hramba in izbris osebnih podatkov<\/strong><\/p><p>Podjetje bo hranilo osebne podatke le toliko \u010dasa, dokler bo to potrebno za uresni\u010ditev namena, zaradi katerega so bili osebni podatki zbrani in obdelovani. \u010ce podjetje podatke obdeluje na podlagi zakona, jih bo hranilo za obdobje, ki ga predpisuje zakon. Dolo\u010dene osebne podatke bo podjetje hranilo do preklica soglasja. Po prejemu preklica ali zahteve za izbris se podatki izbri\u0161ejo najkasneje v 15 dneh. Podjetje lahko te podatke izbri\u0161e tudi pred preklicem, kadar je bil dose\u017een namen obdelave osebnih podatkov ali \u010de tako dolo\u010da zakon.<\/p><p>Izjemoma lahko podjetje zavrne zahtevo za izbris iz razlogov iz Splo\u0161ne uredbe.<\/p>\t\t\t\t\t\t<\/div>\n\t\t\t\t<\/div>\n\t\t\t\t<div class=\"elementor-element elementor-element-c8c1657 elementor-widget elementor-widget-text-editor\" data-id=\"c8c1657\" data-element_type=\"widget\" data-widget_type=\"text-editor.default\">\n\t\t\t\t<div class=\"elementor-widget-container\">\n\t\t\t\t\t\t\t<p><strong>6) Preklic soglasja<\/strong><\/p><p>Soglasje za obdelavo osebnih podatkov se lahko prekli\u010de kadarkoli. Preklic je lahko dan za posamezni namen, ali za vse namene obdelave osebnih podatkov, v zvezi s katerimi je bilo soglasje dano.<\/p><p>Preklic mora biti posredovan na enega izmed naslednjih na\u010dinov, ki je odvisen od namena hranjenja in obdelave osebnih podatkov:<\/p><ul><li>z odgovorom na elektronsko sporo\u010dilo, pri \u010demer mora biti odgovor jasen, nedvoumen in vsebovati obseg preklica;<\/li><li>z elektronskim sporo\u010dilom na info@biomasa-markun.si zadeva: Preklic soglasja \u2013 GDPR<\/li><\/ul><p>\u010ce iz sporo\u010dila obseg preklica soglasja ni mogo\u010de razbrati, se \u0161teje, da je preklic dan le v zvezi z namenom poslanega elektronskega sporo\u010dila.<\/p>\t\t\t\t\t\t<\/div>\n\t\t\t\t<\/div>\n\t\t\t\t<div class=\"elementor-element elementor-element-960f788 elementor-widget elementor-widget-text-editor\" data-id=\"960f788\" data-element_type=\"widget\" data-widget_type=\"text-editor.default\">\n\t\t\t\t<div class=\"elementor-widget-container\">\n\t\t\t\t\t\t\t<p><strong>7) Pogodbena obdelava osebnih podatkov in iznos podatkov<\/strong><\/p><p>Podjetje lahko za posamezne obdelave osebnih podatkov na osnovi pogodbe o pogodbeni obdelavi zaupa pogodbenemu obdelovalcu. Pogodbeni obdelovalci lahko zaupane podatke obdelujejo izklju\u010dno v imenu upravljavca, v mejah njegovega pooblastila, ki je zapisan v pisni pogodbi oziroma drugem pravnem aktu in skladno z nameni, ki so opredeljeni v tej politiki zasebnosti.<\/p><p>Pogodbeni obdelovalci, s katerimi sodeluje podjetje so predvsem:<\/p><ul><li>Ra\u010dunovodske storitve in drugi ponudniki pravnega ter poslovnega svetovanja;<\/li><li>Vzdr\u017eevalci informacijskih sistemov;<\/li><li>Ponudniki e-po\u0161tnih storitev in ponudniki programske opreme, storitev v oblaku (npr. Dropbox, Microsoft, Google);<\/li><li>Ponudniki dru\u017eabnih omre\u017eij in spletnega ogla\u0161evanja (Google, Facebook, Moje delo ipd.).<\/li><\/ul>\t\t\t\t\t\t<\/div>\n\t\t\t\t<\/div>\n\t\t\t\t<div class=\"elementor-element elementor-element-aaa2ade elementor-widget elementor-widget-text-editor\" data-id=\"aaa2ade\" data-element_type=\"widget\" data-widget_type=\"text-editor.default\">\n\t\t\t\t<div class=\"elementor-widget-container\">\n\t\t\t\t\t\t\t<p><strong>8) Pravice posameznika glede obdelave podatkov<\/strong><\/p><p>V skladu s Splo\u0161no uredbo ima posameznik slede\u010de pravice iz varstva osebnih podatkov:<\/p><ul><li>pravica dostopa: ima posameznik dostop do svojih osebnih podatkov, da zagotovi, da se podatki obdelujejo v skladu z zakonom.<\/li><li>pravica do popravka: posameznik ima pravico zahtevati popravek napa\u010dnih ali nepopolnih osebnih podatkov, da se za\u0161\u010diti pravilnost takih podatkov<\/li><li>pravica do pozabljanja: ima posameznik pravico, da od upravitelja obdelave zahteva izbris osebnih podatkov, ki se nana\u0161ajo na to\u017eeno stranko, in zahtevati nadaljnje obdelavo osebnih podatkov.<\/li><li>pravica do omejitve obdelave: posameznik ima pravico od upravljavca obdelave zahtevati omejitev obdelave podatkov anketiranca.<\/li><li>pravica do prenosljivosti podatkov: ima posameznik, na katerega se nana\u0161ajo osebni podatki, pravico prejeti osebne podatke, ki se nana\u0161ajo nanj, in ki jih je upravljavcu obdelave predlo\u017eil v strukturirani, pogosto uporabljeni in strojno berljivi obliki in ima pravico prenesti te podatke drugemu upravitelju obdelave.<\/li><li>pravica do prito\u017ebe: ima posameznik pravico, da upravljavec obdelave kadarkoli pri obdelavi podatkov v skladu z dolo\u010dbami GDPR ugovarja, ne da bi bilo treba nalo\u017eiti obveznost obrazlo\u017eitve svoje odlo\u010ditve<\/li><li>pravica, da se samodejno ne odlo\u010di za odlo\u010danje: posameznik ima pravico, da se ne nana\u0161a na odlo\u010ditev, ki temelji izklju\u010dno na avtomatizirani obdelavi, vklju\u010dno s predlo\u017eitvijo profila, ki ima pravne u\u010dinke, povezane z njim, ali podobno pomembno to vpliva na njega.<\/li><li>pravica do prito\u017ebe nadzornemu organu: vsak posameznik, na katerega se nana\u0161ajo osebni podatki, ima pravico vlo\u017eiti prito\u017ebo pri nadzornem organu, zlasti v dr\u017eavi \u010dlanici EU svojega obi\u010dajnega prebivali\u0161\u010da, delovnem mestu ali kraju domnevne kr\u0161itve, \u010de oseba, na katero se podatki nana\u0161ajo, meni, da obdelava osebnih podatkov v zvezi z njim kr\u0161i GDPR<\/li><\/ul><p>\u010ce \u017eeli posameznik uveljavljati katero koli od prej navedenih pravic, lahko po\u0161lje zahtevek po elektronski po\u0161ti na info@biomasa-markun.si ali z redno po\u0161to na naslov podjetja.<\/p><p>Dostop do posameznikovih osebnih podatkov in uveljavljene pravic je za posameznika brezpla\u010dno. Podjetje pa se lahko odlo\u010di in zara\u010duna razumno pla\u010dilo, \u010de je zahteva posameznika, na katerega se nana\u0161ajo osebni podatki, o\u010ditno neutemeljena ali pretirana, zlasti \u010de se ponavlja. V tak\u0161nem primeru lahko podjetje zahtevo tudi zavrne.<\/p><p>\u010ce posameznik meni, da so mu pravice kr\u0161ene, lahko poda prito\u017ebo Informacijskemu poobla\u0161\u010dencu, pisno na naslov Dunajska 22, 1000 Ljubljana, ali preko elektronske po\u0161te <a href=\"mailto:gp.ip@ip-rs.si\">gp.ip@ip-rs.si<\/a><\/p><p>\u010ce ima posameznik kakr\u0161nakoli vpra\u0161anja v zvezi z obdelavo svojih osebnih podatkov, se lahko vedno obrne na podjetje preko elektronske po\u0161te na <br \/>info@biomasa-markun.si.<\/p>\t\t\t\t\t\t<\/div>\n\t\t\t\t<\/div>\n\t\t\t\t\t<\/div>\n\t\t<\/div>\n\t\t\t\t\t\t\t<\/div>\n\t\t<\/section>\n\t\t\t\t\t\t\t<\/div>","protected":false},"excerpt":{"rendered":"<p>politika pi\u0161kotkov Namen politike varstva osebnih podatkov je seznaniti posameznike, uporabnike storitev ter druge osebe (v nadaljevanju: \u00bbposameznik\u00ab), ki sodelujejo z Marjan Markun n.d.d.k.(v nadaljevanju: \u00bbpodjetje\u00ab) o namenih, pravnih podlagah, varnostnih ukrepih in pravicah posameznikov glede obdelave osebnih podatkov, ki jih izvaja podjetje. Osebne podatke obdelujemo v skladu z veljavno evropsko in slovensko zakonodajo s podro\u010dja varstva osebnih podatkov. Politika varstva osebnih podatkov vsebuje informacije, na kak\u0161en na\u010din podjetje kot upravljavec obdeluje osebne podatke, ki jih prejme od posameznika na razli\u010dnih pravnih osnovah, ki bodo predstavljene v nadaljevanju. 1) Upravljavec Upravljavec osebnih podatkov je podjetje: Marjan Markun n.d.d.k.Ba\u0161elj 644205 Preddvor\u2026<\/p>","protected":false},"author":1,"featured_media":0,"parent":0,"menu_order":0,"comment_status":"closed","ping_status":"closed","template":"","meta":{"_seopress_robots_primary_cat":"","footnotes":""},"class_list":["post-10945","page","type-page","status-publish","hentry"],"blocksy_meta":"","_links":{"self":[{"href":"https:\/\/www.biomasa-markun.si\/en\/wp-json\/wp\/v2\/pages\/10945","targetHints":{"allow":["GET"]}}],"collection":[{"href":"https:\/\/www.biomasa-markun.si\/en\/wp-json\/wp\/v2\/pages"}],"about":[{"href":"https:\/\/www.biomasa-markun.si\/en\/wp-json\/wp\/v2\/types\/page"}],"author":[{"embeddable":true,"href":"https:\/\/www.biomasa-markun.si\/en\/wp-json\/wp\/v2\/users\/1"}],"replies":[{"embeddable":true,"href":"https:\/\/www.biomasa-markun.si\/en\/wp-json\/wp\/v2\/comments?post=10945"}],"version-history":[{"count":0,"href":"https:\/\/www.biomasa-markun.si\/en\/wp-json\/wp\/v2\/pages\/10945\/revisions"}],"wp:attachment":[{"href":"https:\/\/www.biomasa-markun.si\/en\/wp-json\/wp\/v2\/media?parent=10945"}],"curies":[{"name":"wp","href":"https:\/\/api.w.org\/{rel}","templated":true}]}}